{"id":4053,"date":"2024-06-10T18:57:36","date_gmt":"2024-06-10T16:57:36","guid":{"rendered":"https:\/\/previews.armonia.io\/avrgroup.it\/contatti\/"},"modified":"2025-08-19T14:33:41","modified_gmt":"2025-08-19T14:33:41","slug":"lacznosc","status":"publish","type":"page","link":"https:\/\/avrgroup.it\/pl\/lacznosc\/","title":{"rendered":"\u0141\u0105czno\u015b\u0107"},"content":{"rendered":"","protected":false},"excerpt":{"rendered":"","protected":false},"author":5,"featured_media":0,"parent":0,"menu_order":0,"comment_status":"closed","ping_status":"closed","template":"page\/contatti.php","meta":{"_acf_changed":false,"inline_featured_image":false,"footnotes":""},"class_list":["post-4053","page","type-page","status-publish","hentry"],"acf":[],"_links":{"self":[{"href":"https:\/\/avrgroup.it\/pl\/wp-json\/wp\/v2\/pages\/4053","targetHints":{"allow":["GET"]}}],"collection":[{"href":"https:\/\/avrgroup.it\/pl\/wp-json\/wp\/v2\/pages"}],"about":[{"href":"https:\/\/avrgroup.it\/pl\/wp-json\/wp\/v2\/types\/page"}],"author":[{"embeddable":true,"href":"https:\/\/avrgroup.it\/pl\/wp-json\/wp\/v2\/users\/5"}],"replies":[{"embeddable":true,"href":"https:\/\/avrgroup.it\/pl\/wp-json\/wp\/v2\/comments?post=4053"}],"version-history":[{"count":2,"href":"https:\/\/avrgroup.it\/pl\/wp-json\/wp\/v2\/pages\/4053\/revisions"}],"predecessor-version":[{"id":4702,"href":"https:\/\/avrgroup.it\/pl\/wp-json\/wp\/v2\/pages\/4053\/revisions\/4702"}],"wp:attachment":[{"href":"https:\/\/avrgroup.it\/pl\/wp-json\/wp\/v2\/media?parent=4053"}],"curies":[{"name":"wp","href":"https:\/\/api.w.org\/{rel}","templated":true}]}}